{"id":21164,"date":"2024-05-16T10:22:17","date_gmt":"2024-05-16T08:22:17","guid":{"rendered":"https:\/\/cyberbuddyproject.eu\/aesas\/"},"modified":"2025-02-10T11:46:41","modified_gmt":"2025-02-10T10:46:41","slug":"aesas","status":"publish","type":"page","link":"https:\/\/cyberbuddyproject.eu\/pt-pt\/aesas\/","title":{"rendered":"AESAS"},"content":{"rendered":"\t\t<div data-elementor-type=\"wp-page\" data-elementor-id=\"21164\" class=\"elementor elementor-21164 elementor-15894\">\n\t\t\t\t<div class=\"elementor-element elementor-element-b2ba923 e-flex e-con-boxed e-con e-parent\" data-id=\"b2ba923\" data-element_type=\"container\" data-core-v316-plus=\"true\">\n\t\t\t\t\t<div class=\"e-con-inner\">\n\t\t<div class=\"elementor-element elementor-element-78317d0 e-grid e-con-boxed e-con e-child\" data-id=\"78317d0\" data-element_type=\"container\">\n\t\t\t\t\t<div class=\"e-con-inner\">\n\t\t\t\t<div class=\"elementor-element elementor-element-700f0bc elementor-align-center elementor-icon-list--layout-inline elementor-widget elementor-widget-edubin-icon-text\" data-id=\"700f0bc\" data-element_type=\"widget\" data-widget_type=\"edubin-icon-text.default\">\n\t\t\t\t<div class=\"elementor-widget-container\">\n\t\t\t<ul class=\"tpc-header-list-info elementor-icon-list-items elementor-inline-items\"><li class=\"elementor-icon-list-item\" ><a href=\"mailto:cmssousa@esas.pt\"><span class=\"tpc-header-list-icon elementor-icon-list-icon\"><svg aria-hidden=\"true\" class=\"e-font-icon-svg e-fas-at\" viewBox=\"0 0 512 512\" xmlns=\"http:\/\/www.w3.org\/2000\/svg\"><path d=\"M256 8C118.941 8 8 118.919 8 256c0 137.059 110.919 248 248 248 48.154 0 95.342-14.14 135.408-40.223 12.005-7.815 14.625-24.288 5.552-35.372l-10.177-12.433c-7.671-9.371-21.179-11.667-31.373-5.129C325.92 429.757 291.314 440 256 440c-101.458 0-184-82.542-184-184S154.542 72 256 72c100.139 0 184 57.619 184 160 0 38.786-21.093 79.742-58.17 83.693-17.349-.454-16.91-12.857-13.476-30.024l23.433-121.11C394.653 149.75 383.308 136 368.225 136h-44.981a13.518 13.518 0 0 0-13.432 11.993l-.01.092c-14.697-17.901-40.448-21.775-59.971-21.775-74.58 0-137.831 62.234-137.831 151.46 0 65.303 36.785 105.87 96 105.87 26.984 0 57.369-15.637 74.991-38.333 9.522 34.104 40.613 34.103 70.71 34.103C462.609 379.41 504 307.798 504 232 504 95.653 394.023 8 256 8zm-21.68 304.43c-22.249 0-36.07-15.623-36.07-40.771 0-44.993 30.779-72.729 58.63-72.729 22.292 0 35.601 15.241 35.601 40.77 0 45.061-33.875 72.73-58.161 72.73z\"><\/path><\/svg><\/span><span class=\"tpc-header-list-text elementor-icon-list-text\">cmssousa@esas.pt<\/span><\/a><\/li><\/ul>\t\t<\/div>\n\t\t\t\t<\/div>\n\t\t\t\t<div class=\"elementor-element elementor-element-da12273 elementor-align-center elementor-icon-list--layout-inline elementor-widget elementor-widget-edubin-icon-text\" data-id=\"da12273\" data-element_type=\"widget\" data-widget_type=\"edubin-icon-text.default\">\n\t\t\t\t<div class=\"elementor-widget-container\">\n\t\t\t<ul class=\"tpc-header-list-info elementor-icon-list-items elementor-inline-items\"><li class=\"elementor-icon-list-item\" ><a href=\"http:\/\/www.aesas.pt\"><span class=\"tpc-header-list-icon elementor-icon-list-icon\"><svg aria-hidden=\"true\" class=\"e-font-icon-svg e-fas-globe\" viewBox=\"0 0 496 512\" xmlns=\"http:\/\/www.w3.org\/2000\/svg\"><path d=\"M336.5 160C322 70.7 287.8 8 248 8s-74 62.7-88.5 152h177zM152 256c0 22.2 1.2 43.5 3.3 64h185.3c2.1-20.5 3.3-41.8 3.3-64s-1.2-43.5-3.3-64H155.3c-2.1 20.5-3.3 41.8-3.3 64zm324.7-96c-28.6-67.9-86.5-120.4-158-141.6 24.4 33.8 41.2 84.7 50 141.6h108zM177.2 18.4C105.8 39.6 47.8 92.1 19.3 160h108c8.7-56.9 25.5-107.8 49.9-141.6zM487.4 192H372.7c2.1 21 3.3 42.5 3.3 64s-1.2 43-3.3 64h114.6c5.5-20.5 8.6-41.8 8.6-64s-3.1-43.5-8.5-64zM120 256c0-21.5 1.2-43 3.3-64H8.6C3.2 212.5 0 233.8 0 256s3.2 43.5 8.6 64h114.6c-2-21-3.2-42.5-3.2-64zm39.5 96c14.5 89.3 48.7 152 88.5 152s74-62.7 88.5-152h-177zm159.3 141.6c71.4-21.2 129.4-73.7 158-141.6h-108c-8.8 56.9-25.6 107.8-50 141.6zM19.3 352c28.6 67.9 86.5 120.4 158 141.6-24.4-33.8-41.2-84.7-50-141.6h-108z\"><\/path><\/svg><\/span><span class=\"tpc-header-list-text elementor-icon-list-text\">www.aesas.pt<\/span><\/a><\/li><\/ul>\t\t<\/div>\n\t\t\t\t<\/div>\n\t\t\t\t<div class=\"elementor-element elementor-element-8edecaa elementor-align-center elementor-icon-list--layout-inline elementor-widget elementor-widget-edubin-icon-text\" data-id=\"8edecaa\" data-element_type=\"widget\" data-widget_type=\"edubin-icon-text.default\">\n\t\t\t\t<div class=\"elementor-widget-container\">\n\t\t\t<ul class=\"tpc-header-list-info elementor-icon-list-items elementor-inline-items\"><li class=\"elementor-icon-list-item\" ><a href=\"https:\/\/www.facebook.com\/aesas.pt\"><span class=\"tpc-header-list-icon elementor-icon-list-icon\"><svg aria-hidden=\"true\" class=\"e-font-icon-svg e-fab-facebook\" viewBox=\"0 0 512 512\" xmlns=\"http:\/\/www.w3.org\/2000\/svg\"><path d=\"M504 256C504 119 393 8 256 8S8 119 8 256c0 123.78 90.69 226.38 209.25 245V327.69h-63V256h63v-54.64c0-62.15 37-96.48 93.67-96.48 27.14 0 55.52 4.84 55.52 4.84v61h-31.28c-30.8 0-40.41 19.12-40.41 38.73V256h68.78l-11 71.69h-57.78V501C413.31 482.38 504 379.78 504 256z\"><\/path><\/svg><\/span><span class=\"tpc-header-list-text elementor-icon-list-text\">AESAS<\/span><\/a><\/li><\/ul>\t\t<\/div>\n\t\t\t\t<\/div>\n\t\t\t\t<div class=\"elementor-element elementor-element-b67112a elementor-align-center elementor-icon-list--layout-inline elementor-widget elementor-widget-edubin-icon-text\" data-id=\"b67112a\" data-element_type=\"widget\" data-widget_type=\"edubin-icon-text.default\">\n\t\t\t\t<div class=\"elementor-widget-container\">\n\t\t\t<ul class=\"tpc-header-list-info elementor-icon-list-items elementor-inline-items\"><li class=\"elementor-icon-list-item\" ><a href=\"https:\/\/www.instagram.com\/aesas.comunicacao\/\"><span class=\"tpc-header-list-icon elementor-icon-list-icon\"><svg aria-hidden=\"true\" class=\"e-font-icon-svg e-fab-instagram\" viewBox=\"0 0 448 512\" xmlns=\"http:\/\/www.w3.org\/2000\/svg\"><path d=\"M224.1 141c-63.6 0-114.9 51.3-114.9 114.9s51.3 114.9 114.9 114.9S339 319.5 339 255.9 287.7 141 224.1 141zm0 189.6c-41.1 0-74.7-33.5-74.7-74.7s33.5-74.7 74.7-74.7 74.7 33.5 74.7 74.7-33.6 74.7-74.7 74.7zm146.4-194.3c0 14.9-12 26.8-26.8 26.8-14.9 0-26.8-12-26.8-26.8s12-26.8 26.8-26.8 26.8 12 26.8 26.8zm76.1 27.2c-1.7-35.9-9.9-67.7-36.2-93.9-26.2-26.2-58-34.4-93.9-36.2-37-2.1-147.9-2.1-184.9 0-35.8 1.7-67.6 9.9-93.9 36.1s-34.4 58-36.2 93.9c-2.1 37-2.1 147.9 0 184.9 1.7 35.9 9.9 67.7 36.2 93.9s58 34.4 93.9 36.2c37 2.1 147.9 2.1 184.9 0 35.9-1.7 67.7-9.9 93.9-36.2 26.2-26.2 34.4-58 36.2-93.9 2.1-37 2.1-147.8 0-184.8zM398.8 388c-7.8 19.6-22.9 34.7-42.6 42.6-29.5 11.7-99.5 9-132.1 9s-102.7 2.6-132.1-9c-19.6-7.8-34.7-22.9-42.6-42.6-11.7-29.5-9-99.5-9-132.1s-2.6-102.7 9-132.1c7.8-19.6 22.9-34.7 42.6-42.6 29.5-11.7 99.5-9 132.1-9s102.7-2.6 132.1 9c19.6 7.8 34.7 22.9 42.6 42.6 11.7 29.5 9 99.5 9 132.1s2.7 102.7-9 132.1z\"><\/path><\/svg><\/span><span class=\"tpc-header-list-text elementor-icon-list-text\">AESAS<\/span><\/a><\/li><\/ul>\t\t<\/div>\n\t\t\t\t<\/div>\n\t\t\t\t\t<\/div>\n\t\t\t\t<\/div>\n\t\t\t\t<div class=\"elementor-element elementor-element-6e5fdb6 elementor-widget elementor-widget-text-editor\" data-id=\"6e5fdb6\" data-element_type=\"widget\" data-widget_type=\"text-editor.default\">\n\t\t\t\t<div class=\"elementor-widget-container\">\n\t\t\t<style>\/*! elementor - v3.20.0 - 10-04-2024 *\/\n.elementor-widget-text-editor.elementor-drop-cap-view-stacked .elementor-drop-cap{background-color:#69727d;color:#fff}.elementor-widget-text-editor.elementor-drop-cap-view-framed .elementor-drop-cap{color:#69727d;border:3px solid;background-color:transparent}.elementor-widget-text-editor:not(.elementor-drop-cap-view-default) .elementor-drop-cap{margin-top:8px}.elementor-widget-text-editor:not(.elementor-drop-cap-view-default) .elementor-drop-cap-letter{width:1em;height:1em}.elementor-widget-text-editor .elementor-drop-cap{float:left;text-align:center;line-height:1;font-size:50px}.elementor-widget-text-editor .elementor-drop-cap-letter{display:inline-block}<\/style>\t\t\t\t<p>O Agrupamento de Escolas Alberto Sampaio, localizado em Braga, \u00e9 uma institui\u00e7\u00e3o portuguesa de ensino p\u00fablico, composta por v\u00e1rias escolas do pr\u00e9-escolar ao secund\u00e1rio. \u00c9 constitu\u00eddo por onze unidades org\u00e2nicas: tr\u00eas jardins de inf\u00e2ncia, duas escolas b\u00e1sicas do 1.\u00ba ciclo, quatro escolas b\u00e1sicas do 1.\u00ba ciclo com jardim de inf\u00e2ncia, uma escola b\u00e1sica do 2.\u00ba e 3.\u00ba ciclos e uma escola secund\u00e1ria com 3.\u00ba ciclo do ensino b\u00e1sico. Possui unidades na freguesia de Espor\u00f5es e nas uni\u00f5es de freguesias de Lomar e Arcos, Nogueira, Frai\u00e3o e Lama\u00e7\u00e3es, S\u00e3o Jos\u00e9 de S\u00e3o L\u00e1zaro e S\u00e3o Jo\u00e3o do Souto e Morreira e Trandeiras, num raio de aproximadamente cinco quil\u00f3metros. O contexto do Agrupamento \u00e9 urbano\/semiurbano e pontualmente rural. Assim como a sua envolvente f\u00edsica, o p\u00fablico de cada uma das unidades educativas \u00e9 distinto, sendo que algumas destas unidades se encontram implantadas em zonas j\u00e1 predominantemente rurais, no limite da periferia do concelho, e outras em contexto fortemente urbano.<\/p><p>A sua miss\u00e3o \u00e9 proporcionar uma educa\u00e7\u00e3o de qualidade e promover o sucesso escolar dos seus alunos. O Agrupamento destaca-se pela diversidade de oferta educativa, com cursos profissionais, cursos cient\u00edfico-human\u00edsticos e cursos de educa\u00e7\u00e3o e forma\u00e7\u00e3o de adultos. Nos diversos ciclos de ensino, em particular no ensino noturno devido \u00e0 exist\u00eancia dos cursos de portugu\u00eas para estrangeiros, frequentam o agrupamento alunos oriundos de sessenta nacionalidades distintas, de todas as regi\u00f5es do mundo.<\/p><p>A n\u00edvel de infraestruturas, o Agrupamento de Escolas Alberto Sampaio conta com instala\u00e7\u00f5es modernas e bem equipadas, que proporcionam um ambiente prop\u00edcio ao ensino e \u00e0 aprendizagem. Al\u00e9m disso, o corpo docente \u00e9 altamente qualificado e empenhado em proporcionar uma educa\u00e7\u00e3o de excel\u00eancia aos alunos.<br>A escola tamb\u00e9m valoriza a promo\u00e7\u00e3o da cidadania e da participa\u00e7\u00e3o ativa dos alunos na comunidade, atrav\u00e9s de projetos nacionais e internacionais e de atividades extracurriculares.<\/p><p>O Agrupamento de Escolas Alberto Sampaio em Braga \u00e9 uma institui\u00e7\u00e3o de ensino comprometida com a forma\u00e7\u00e3o integral dos seus alunos, promovendo o seu desenvolvimento acad\u00e9mico, pessoal e social.<\/p>\t\t\t\t\t\t<\/div>\n\t\t\t\t<\/div>\n\t\t\t\t\t<\/div>\n\t\t\t\t<\/div>\n\t\t\t\t<\/div>\n\t\t","protected":false},"excerpt":{"rendered":"<p>cmssousa@esas.pt www.aesas.pt AESAS AESAS O Agrupamento de Escolas Alberto Sampaio, localizado em Braga, \u00e9 uma institui\u00e7\u00e3o portuguesa de ensino p\u00fablico, composta por v\u00e1rias escolas do pr\u00e9-escolar ao secund\u00e1rio. \u00c9 constitu\u00eddo por onze unidades org\u00e2nicas: tr\u00eas jardins de inf\u00e2ncia, duas escolas b\u00e1sicas do 1.\u00ba ciclo, quatro escolas b\u00e1sicas do 1.\u00ba ciclo com jardim de inf\u00e2ncia, uma&#8230;<\/p>\n","protected":false},"author":2,"featured_media":15454,"parent":0,"menu_order":0,"comment_status":"closed","ping_status":"closed","template":"","meta":{"footnotes":""},"class_list":["post-21164","page","type-page","status-publish","has-post-thumbnail","hentry"],"_links":{"self":[{"href":"https:\/\/cyberbuddyproject.eu\/pt-pt\/wp-json\/wp\/v2\/pages\/21164","targetHints":{"allow":["GET"]}}],"collection":[{"href":"https:\/\/cyberbuddyproject.eu\/pt-pt\/wp-json\/wp\/v2\/pages"}],"about":[{"href":"https:\/\/cyberbuddyproject.eu\/pt-pt\/wp-json\/wp\/v2\/types\/page"}],"author":[{"embeddable":true,"href":"https:\/\/cyberbuddyproject.eu\/pt-pt\/wp-json\/wp\/v2\/users\/2"}],"replies":[{"embeddable":true,"href":"https:\/\/cyberbuddyproject.eu\/pt-pt\/wp-json\/wp\/v2\/comments?post=21164"}],"version-history":[{"count":4,"href":"https:\/\/cyberbuddyproject.eu\/pt-pt\/wp-json\/wp\/v2\/pages\/21164\/revisions"}],"predecessor-version":[{"id":21176,"href":"https:\/\/cyberbuddyproject.eu\/pt-pt\/wp-json\/wp\/v2\/pages\/21164\/revisions\/21176"}],"wp:featuredmedia":[{"embeddable":true,"href":"https:\/\/cyberbuddyproject.eu\/pt-pt\/wp-json\/wp\/v2\/media\/15454"}],"wp:attachment":[{"href":"https:\/\/cyberbuddyproject.eu\/pt-pt\/wp-json\/wp\/v2\/media?parent=21164"}],"curies":[{"name":"wp","href":"https:\/\/api.w.org\/{rel}","templated":true}]}}