{"id":18697,"date":"2024-04-29T20:38:24","date_gmt":"2024-04-29T18:38:24","guid":{"rendered":"https:\/\/cyberbuddyproject.eu\/resultados-do-projeto\/"},"modified":"2025-02-08T21:57:45","modified_gmt":"2025-02-08T20:57:45","slug":"project-results","status":"publish","type":"page","link":"https:\/\/cyberbuddyproject.eu\/pt-pt\/project-results\/","title":{"rendered":"Resultados do projecto"},"content":{"rendered":"\t\t<div data-elementor-type=\"wp-post\" data-elementor-id=\"18697\" class=\"elementor elementor-18697 elementor-15782\">\n\t\t\t\t\t\t<section class=\"elementor-section elementor-top-section elementor-element elementor-element-fec56cd elementor-section-boxed elementor-section-height-default elementor-section-height-default\" data-id=\"fec56cd\" data-element_type=\"section\" data-settings=\"{&quot;background_background&quot;:&quot;classic&quot;}\">\n\t\t\t\t\t\t<div class=\"elementor-container elementor-column-gap-default\">\n\t\t\t\t\t<div class=\"elementor-column elementor-col-100 elementor-top-column elementor-element elementor-element-b433c02\" data-id=\"b433c02\" data-element_type=\"column\">\n\t\t\t<div class=\"elementor-widget-wrap elementor-element-populated\">\n\t\t\t\t\t\t<section class=\"elementor-section elementor-inner-section elementor-element elementor-element-f9d8f56 elementor-section-boxed elementor-section-height-default elementor-section-height-default\" data-id=\"f9d8f56\" data-element_type=\"section\">\n\t\t\t\t\t\t<div class=\"elementor-container elementor-column-gap-default\">\n\t\t\t\t\t<div class=\"elementor-column elementor-col-50 elementor-inner-column elementor-element elementor-element-7fc2f06\" data-id=\"7fc2f06\" data-element_type=\"column\">\n\t\t\t<div class=\"elementor-widget-wrap elementor-element-populated\">\n\t\t\t\t\t\t<div class=\"elementor-element elementor-element-03dc430 edubin-title-align-left elementor-widget elementor-widget-section-title-addons\" data-id=\"03dc430\" data-element_type=\"widget\" data-widget_type=\"section-title-addons.default\">\n\t\t\t\t<div class=\"elementor-widget-container\">\n\t\t\t            <div class=\"edubin-section-title edubin-subtitle-position-top title-style-four\">\n                <h2 class=\"section-title-txt\"> <\/h2><div class=edubin-title-sperator-sec><span class=\"edubin-title-sperator\">&nbsp;<\/span><\/div><p class=\"section-subtitle-txt\">Resultados do Projeto<\/p>            <\/div>\n\n        \t\t<\/div>\n\t\t\t\t<\/div>\n\t\t\t\t<div class=\"elementor-element elementor-element-8a0abbe elementor-widget elementor-widget-text-editor\" data-id=\"8a0abbe\" data-element_type=\"widget\" data-widget_type=\"text-editor.default\">\n\t\t\t\t<div class=\"elementor-widget-container\">\n\t\t\t<style>\/*! elementor - v3.20.0 - 10-04-2024 *\/\n.elementor-widget-text-editor.elementor-drop-cap-view-stacked .elementor-drop-cap{background-color:#69727d;color:#fff}.elementor-widget-text-editor.elementor-drop-cap-view-framed .elementor-drop-cap{color:#69727d;border:3px solid;background-color:transparent}.elementor-widget-text-editor:not(.elementor-drop-cap-view-default) .elementor-drop-cap{margin-top:8px}.elementor-widget-text-editor:not(.elementor-drop-cap-view-default) .elementor-drop-cap-letter{width:1em;height:1em}.elementor-widget-text-editor .elementor-drop-cap{float:left;text-align:center;line-height:1;font-size:50px}.elementor-widget-text-editor .elementor-drop-cap-letter{display:inline-block}<\/style>\t\t\t\t<p><strong>Os desafios digitais do CyberBuddy<\/strong><\/p>\n<p>Os desafios digitais do CyberBuddy ir\u00e3o desafiar os alunos a lidar com situa\u00e7\u00f5es que envolvem ciberbullying, em escape rooms digitais, de forma a melhorar a sua literacia digital. Os escape rooms digitais s\u00e3o um conjunto de enigmas resolvidos virtualmente. Os jogadores realizam uma s\u00e9rie de quebra-cabe\u00e7as, encontrando uma solu\u00e7\u00e3o em cada etapa, para desbloquear o enigma ou atividade seguinte. Se as pistas corretas forem colocadas na ordem certa, o escape room ser\u00e1 resolvido e o jogador ou equipa de jogadores poder\u00e1 escapar. Superar os desafios ir\u00e1 ajudar os alunos a ganhar confian\u00e7a nas suas compet\u00eancias para enfrentar situa\u00e7\u00f5es desagrad\u00e1veis no ambiente virtual.<\/p>\n<p><strong>A plataforma dos di\u00e1rios do CyberBuddy<\/strong><\/p>\n<p>A plataforma dos di\u00e1rios do CyberBuddy ir\u00e1 apresentar casos reais de ciberbullying, juntamente com v\u00eddeos que mostrar\u00e3o situa\u00e7\u00f5es de ciberbullying sob tr\u00eas perspectivas diferentes: a do agressor, a da v\u00edtima e a do espectador. Mostrar diferentes perspectivas ir\u00e1 ajudar os alunos a vivenciar pontos de vista conflituosos e a investigar as raz\u00f5es por tr\u00e1s de certos comportamentos. Isso ir\u00e1 ajud\u00e1-los a reconsiderar seu pr\u00f3prio papel em situa\u00e7\u00f5es de ciberbullying e a melhorar sua empatia digital.<\/p>\n<p><strong>\u201cComo criar um CyberBuddy\u201d <\/strong><\/p>\n<p>\u201cComo criar um CyberBuddy\u201d \u2013 orienta\u00e7\u00f5es para professores, pais e educadores sobre o reconhecimento precoce dos sinais de ciberbullying, preven\u00e7\u00e3o do ciberbullying e como lidar com casos de ciberbullying. Este produto ir\u00e1 equipar professores e pais com as compet\u00eancias e ferramentas necess\u00e1rias para assumir uma posi\u00e7\u00e3o ativa na identifica\u00e7\u00e3o e resolu\u00e7\u00e3o de casos de ciberbullying. As orienta\u00e7\u00f5es ir\u00e3o fornecer uma vis\u00e3o abrangente sobre a quest\u00e3o do ciberbullying, bem como dicas \u00fateis para que professores e pais adotem uma posi\u00e7\u00e3o ativa e de apoio em situa\u00e7\u00f5es virtuais identificadas como arriscadas.<\/p>\n\t\t\t\t\t\t<\/div>\n\t\t\t\t<\/div>\n\t\t\t\t\t<\/div>\n\t\t<\/div>\n\t\t\t\t<div class=\"elementor-column elementor-col-50 elementor-inner-column elementor-element elementor-element-4ca2c5c\" data-id=\"4ca2c5c\" data-element_type=\"column\" data-settings=\"{&quot;background_background&quot;:&quot;classic&quot;}\">\n\t\t\t<div class=\"elementor-widget-wrap elementor-element-populated\">\n\t\t\t\t\t\t<div class=\"elementor-element elementor-element-c7814f5 elementor-widget elementor-widget-image\" data-id=\"c7814f5\" data-element_type=\"widget\" data-widget_type=\"image.default\">\n\t\t\t\t<div class=\"elementor-widget-container\">\n\t\t\t<style>\/*! elementor - v3.20.0 - 10-04-2024 *\/\n.elementor-widget-image{text-align:center}.elementor-widget-image a{display:inline-block}.elementor-widget-image a img[src$=\".svg\"]{width:48px}.elementor-widget-image img{vertical-align:middle;display:inline-block}<\/style>\t\t\t\t\t\t\t\t\t\t<img fetchpriority=\"high\" decoding=\"async\" width=\"640\" height=\"430\" src=\"https:\/\/cyberbuddyproject.eu\/wp-content\/uploads\/2019\/10\/about-image-1-1024x688.jpg\" class=\"attachment-large size-large wp-image-4375\" alt=\"\" srcset=\"https:\/\/cyberbuddyproject.eu\/wp-content\/uploads\/2019\/10\/about-image-1-1024x688.jpg 1024w, https:\/\/cyberbuddyproject.eu\/wp-content\/uploads\/2019\/10\/about-image-1-300x201.jpg 300w, https:\/\/cyberbuddyproject.eu\/wp-content\/uploads\/2019\/10\/about-image-1-768x516.jpg 768w, https:\/\/cyberbuddyproject.eu\/wp-content\/uploads\/2019\/10\/about-image-1-100x67.jpg 100w, https:\/\/cyberbuddyproject.eu\/wp-content\/uploads\/2019\/10\/about-image-1.jpg 1270w\" sizes=\"(max-width: 640px) 100vw, 640px\" \/>\t\t\t\t\t\t\t\t\t\t\t\t\t<\/div>\n\t\t\t\t<\/div>\n\t\t\t\t<div class=\"elementor-element elementor-element-7fcfbfe elementor-absolute elementor-widget-tablet__width-initial elementor-widget__width-initial elementor-widget elementor-widget-image\" data-id=\"7fcfbfe\" data-element_type=\"widget\" data-settings=\"{&quot;_position&quot;:&quot;absolute&quot;}\" data-widget_type=\"image.default\">\n\t\t\t\t<div class=\"elementor-widget-container\">\n\t\t\t\t\t\t\t\t\t\t\t\t\t<img decoding=\"async\" width=\"148\" height=\"155\" src=\"https:\/\/cyberbuddyproject.eu\/wp-content\/uploads\/2019\/06\/arroe-shape-1.png\" class=\"attachment-full size-full wp-image-2595\" alt=\"\" srcset=\"https:\/\/cyberbuddyproject.eu\/wp-content\/uploads\/2019\/06\/arroe-shape-1.png 148w, https:\/\/cyberbuddyproject.eu\/wp-content\/uploads\/2019\/06\/arroe-shape-1-95x100.png 95w\" sizes=\"(max-width: 148px) 100vw, 148px\" \/>\t\t\t\t\t\t\t\t\t\t\t\t\t<\/div>\n\t\t\t\t<\/div>\n\t\t\t\t<div class=\"elementor-element elementor-element-4e19a5e elementor-absolute elementor-widget-tablet__width-initial elementor-widget__width-initial elementor-widget elementor-widget-image\" data-id=\"4e19a5e\" data-element_type=\"widget\" data-settings=\"{&quot;_position&quot;:&quot;absolute&quot;}\" data-widget_type=\"image.default\">\n\t\t\t\t<div class=\"elementor-widget-container\">\n\t\t\t\t\t\t\t\t\t\t\t\t\t<img decoding=\"async\" width=\"148\" height=\"155\" src=\"https:\/\/cyberbuddyproject.eu\/wp-content\/uploads\/2019\/06\/arroe-shape-1.png\" class=\"attachment-large size-large wp-image-2595\" alt=\"\" srcset=\"https:\/\/cyberbuddyproject.eu\/wp-content\/uploads\/2019\/06\/arroe-shape-1.png 148w, https:\/\/cyberbuddyproject.eu\/wp-content\/uploads\/2019\/06\/arroe-shape-1-95x100.png 95w\" sizes=\"(max-width: 148px) 100vw, 148px\" \/>\t\t\t\t\t\t\t\t\t\t\t\t\t<\/div>\n\t\t\t\t<\/div>\n\t\t\t\t\t<\/div>\n\t\t<\/div>\n\t\t\t\t\t<\/div>\n\t\t<\/section>\n\t\t\t\t\t<\/div>\n\t\t<\/div>\n\t\t\t\t\t<\/div>\n\t\t<\/section>\n\t\t\t\t<section class=\"elementor-section elementor-top-section elementor-element elementor-element-29a8d04 elementor-section-boxed elementor-section-height-default elementor-section-height-default\" data-id=\"29a8d04\" data-element_type=\"section\">\n\t\t\t\t\t\t<div class=\"elementor-container elementor-column-gap-default\">\n\t\t\t\t\t<div class=\"elementor-column elementor-col-100 elementor-top-column elementor-element elementor-element-c5ab940\" data-id=\"c5ab940\" data-element_type=\"column\">\n\t\t\t<div class=\"elementor-widget-wrap elementor-element-populated\">\n\t\t\t\t\t\t<section class=\"elementor-section elementor-inner-section elementor-element elementor-element-389631a elementor-section-boxed elementor-section-height-default elementor-section-height-default\" data-id=\"389631a\" data-element_type=\"section\">\n\t\t\t\t\t\t<div class=\"elementor-container elementor-column-gap-default\">\n\t\t\t\t\t<div class=\"elementor-column elementor-col-33 elementor-inner-column elementor-element elementor-element-c5ff5da\" data-id=\"c5ff5da\" data-element_type=\"column\">\n\t\t\t<div class=\"elementor-widget-wrap elementor-element-populated\">\n\t\t\t\t\t\t<div class=\"elementor-element elementor-element-3900bbb edubin-title-align-center elementor-widget elementor-widget-section-title-addons\" data-id=\"3900bbb\" data-element_type=\"widget\" data-widget_type=\"section-title-addons.default\">\n\t\t\t\t<div class=\"elementor-widget-container\">\n\t\t\t            <div class=\"edubin-section-title edubin-subtitle-position-top title-style-one\">\n                <p class=\"section-subtitle-txt\">01<\/p>            <\/div>\n\n        \t\t<\/div>\n\t\t\t\t<\/div>\n\t\t\t\t<div class=\"elementor-element elementor-element-7c7a61d elementor-widget elementor-widget-text-editor\" data-id=\"7c7a61d\" data-element_type=\"widget\" data-widget_type=\"text-editor.default\">\n\t\t\t\t<div class=\"elementor-widget-container\">\n\t\t\t\t\t\t\t<p>Aumento do conhecimento e da confian\u00e7a dos alunos do ensino secund\u00e1rio na identifica\u00e7\u00e3o e no combate \u00e0s amea\u00e7as de ciberbullying<\/p>\n\t\t\t\t\t\t<\/div>\n\t\t\t\t<\/div>\n\t\t\t\t\t<\/div>\n\t\t<\/div>\n\t\t\t\t<div class=\"elementor-column elementor-col-33 elementor-inner-column elementor-element elementor-element-0404c06\" data-id=\"0404c06\" data-element_type=\"column\">\n\t\t\t<div class=\"elementor-widget-wrap elementor-element-populated\">\n\t\t\t\t\t\t<div class=\"elementor-element elementor-element-3445229 edubin-title-align-center elementor-widget elementor-widget-section-title-addons\" data-id=\"3445229\" data-element_type=\"widget\" data-widget_type=\"section-title-addons.default\">\n\t\t\t\t<div class=\"elementor-widget-container\">\n\t\t\t            <div class=\"edubin-section-title edubin-subtitle-position-top title-style-one\">\n                <p class=\"section-subtitle-txt\">02<\/p>            <\/div>\n\n        \t\t<\/div>\n\t\t\t\t<\/div>\n\t\t\t\t<div class=\"elementor-element elementor-element-a5d6652 elementor-widget elementor-widget-text-editor\" data-id=\"a5d6652\" data-element_type=\"widget\" data-widget_type=\"text-editor.default\">\n\t\t\t\t<div class=\"elementor-widget-container\">\n\t\t\t\t\t\t\t<p>Pr\u00e9-requisitos para promover a capacita\u00e7\u00e3o digital e a sensibiliza\u00e7\u00e3o digital dos alunos do ensino secund\u00e1rio<\/p>\n\t\t\t\t\t\t<\/div>\n\t\t\t\t<\/div>\n\t\t\t\t\t<\/div>\n\t\t<\/div>\n\t\t\t\t<div class=\"elementor-column elementor-col-33 elementor-inner-column elementor-element elementor-element-7bbb603\" data-id=\"7bbb603\" data-element_type=\"column\">\n\t\t\t<div class=\"elementor-widget-wrap elementor-element-populated\">\n\t\t\t\t\t\t<div class=\"elementor-element elementor-element-08c14b5 edubin-title-align-left elementor-widget elementor-widget-section-title-addons\" data-id=\"08c14b5\" data-element_type=\"widget\" data-widget_type=\"section-title-addons.default\">\n\t\t\t\t<div class=\"elementor-widget-container\">\n\t\t\t            <div class=\"edubin-section-title edubin-subtitle-position-top title-style-one\">\n                <p class=\"section-subtitle-txt\">03<\/p>            <\/div>\n\n        \t\t<\/div>\n\t\t\t\t<\/div>\n\t\t\t\t<div class=\"elementor-element elementor-element-4919ca7 elementor-widget elementor-widget-text-editor\" data-id=\"4919ca7\" data-element_type=\"widget\" data-widget_type=\"text-editor.default\">\n\t\t\t\t<div class=\"elementor-widget-container\">\n\t\t\t\t\t\t\t<p>Disponibilidade de vers\u00f5es lingu\u00edsticas dos escape rooms digitais CyberBuddy:<br \/>\nEN &#8211; BG &#8211; PT &#8211; GR &#8211; IT<\/p>\n\t\t\t\t\t\t<\/div>\n\t\t\t\t<\/div>\n\t\t\t\t\t<\/div>\n\t\t<\/div>\n\t\t\t\t\t<\/div>\n\t\t<\/section>\n\t\t\t\t\t<\/div>\n\t\t<\/div>\n\t\t\t\t\t<\/div>\n\t\t<\/section>\n\t\t\t\t<section class=\"elementor-section elementor-top-section elementor-element elementor-element-d0118e3 elementor-section-boxed elementor-section-height-default elementor-section-height-default\" data-id=\"d0118e3\" data-element_type=\"section\">\n\t\t\t\t\t\t<div class=\"elementor-container elementor-column-gap-default\">\n\t\t\t\t\t<div class=\"elementor-column elementor-col-100 elementor-top-column elementor-element elementor-element-7ac8af5\" data-id=\"7ac8af5\" data-element_type=\"column\">\n\t\t\t<div class=\"elementor-widget-wrap elementor-element-populated\">\n\t\t\t\t\t\t<div class=\"elementor-element elementor-element-d3cc4d4 edubin-title-align-center elementor-widget elementor-widget-section-title-addons\" data-id=\"d3cc4d4\" data-element_type=\"widget\" data-widget_type=\"section-title-addons.default\">\n\t\t\t\t<div class=\"elementor-widget-container\">\n\t\t\t            <div class=\"edubin-section-title edubin-subtitle-position- title-style-four\">\n                <h2 class=\"section-title-txt\">A Parceria <\/h2><div class=edubin-title-sperator-sec><span class=\"edubin-title-sperator\">&nbsp;<\/span><\/div>            <\/div>\n\n        \t\t<\/div>\n\t\t\t\t<\/div>\n\t\t\t\t<div class=\"elementor-element elementor-element-62d3093 elementor-widget elementor-widget-edubin-teacher-addons\" data-id=\"62d3093\" data-element_type=\"widget\" data-widget_type=\"edubin-teacher-addons.default\">\n\t\t\t\t<div class=\"elementor-widget-container\">\n\t\t\t        <div class=\"edubin-row\" >\n\n                            <div class=\"edubin-col-xs-12 edubin-col-sm-6 edubin-col-md-6 edubin-col-lg-2\" >\n\n                    <div class=\"edubin-single-teacher text-center \"><div class=\"teacher-image-wrap\"><a href=\"https:\/\/cyberbuddyproject.eu\/npg-school\/\" ><div class=\"teacher-image\"><img loading=\"lazy\" decoding=\"async\" width=\"256\" height=\"234\" src=\"https:\/\/cyberbuddyproject.eu\/wp-content\/uploads\/2024\/04\/CB_logo-\u041f\u0440\u0430\u0432\u0435\u0446.png\" class=\"attachment-full size-full wp-image-15455\" alt=\"\" srcset=\"https:\/\/cyberbuddyproject.eu\/wp-content\/uploads\/2024\/04\/CB_logo-\u041f\u0440\u0430\u0432\u0435\u0446.png 256w, https:\/\/cyberbuddyproject.eu\/wp-content\/uploads\/2024\/04\/CB_logo-\u041f\u0440\u0430\u0432\u0435\u0446-100x91.png 100w\" sizes=\"(max-width: 256px) 100vw, 256px\" \/><\/div><\/a><\/div><\/div>      \n            <\/div>\n                        <div class=\"edubin-col-xs-12 edubin-col-sm-6 edubin-col-md-6 edubin-col-lg-2\" >\n\n                    <div class=\"edubin-single-teacher text-center \"><div class=\"teacher-image-wrap\"><a href=\"https:\/\/cyberbuddyproject.eu\/acta-foundation\/\" ><div class=\"teacher-image\"><img loading=\"lazy\" decoding=\"async\" width=\"150\" height=\"150\" src=\"https:\/\/cyberbuddyproject.eu\/wp-content\/uploads\/2024\/04\/CB_ACTA_Logo_150x150-for-light-bg.png\" class=\"attachment-full size-full wp-image-15409\" alt=\"\" srcset=\"https:\/\/cyberbuddyproject.eu\/wp-content\/uploads\/2024\/04\/CB_ACTA_Logo_150x150-for-light-bg.png 150w, https:\/\/cyberbuddyproject.eu\/wp-content\/uploads\/2024\/04\/CB_ACTA_Logo_150x150-for-light-bg-100x100.png 100w\" sizes=\"(max-width: 150px) 100vw, 150px\" \/><\/div><\/a><\/div><\/div>      \n            <\/div>\n                        <div class=\"edubin-col-xs-12 edubin-col-sm-6 edubin-col-md-6 edubin-col-lg-2\" >\n\n                    <div class=\"edubin-single-teacher text-center \"><div class=\"teacher-image-wrap\"><a href=\"https:\/\/cyberbuddyproject.eu\/innovamentis-ngo\/\" ><div class=\"teacher-image\"><img loading=\"lazy\" decoding=\"async\" width=\"499\" height=\"146\" src=\"https:\/\/cyberbuddyproject.eu\/wp-content\/uploads\/2024\/04\/CB_INNOVAMENTIS_500.png\" class=\"attachment-full size-full wp-image-15442\" alt=\"\" srcset=\"https:\/\/cyberbuddyproject.eu\/wp-content\/uploads\/2024\/04\/CB_INNOVAMENTIS_500.png 499w, https:\/\/cyberbuddyproject.eu\/wp-content\/uploads\/2024\/04\/CB_INNOVAMENTIS_500-300x88.png 300w, https:\/\/cyberbuddyproject.eu\/wp-content\/uploads\/2024\/04\/CB_INNOVAMENTIS_500-100x29.png 100w\" sizes=\"(max-width: 499px) 100vw, 499px\" \/><\/div><\/a><\/div><\/div>      \n            <\/div>\n                        <div class=\"edubin-col-xs-12 edubin-col-sm-6 edubin-col-md-6 edubin-col-lg-2\" >\n\n                    <div class=\"edubin-single-teacher text-center \"><div class=\"teacher-image-wrap\"><a href=\"https:\/\/cyberbuddyproject.eu\/pt-pt\/aesas\/\" ><div class=\"teacher-image\"><img loading=\"lazy\" decoding=\"async\" width=\"370\" height=\"182\" src=\"https:\/\/cyberbuddyproject.eu\/wp-content\/uploads\/2024\/04\/CB_AESAS-logo.png\" class=\"attachment-full size-full wp-image-15450\" alt=\"\" srcset=\"https:\/\/cyberbuddyproject.eu\/wp-content\/uploads\/2024\/04\/CB_AESAS-logo.png 370w, https:\/\/cyberbuddyproject.eu\/wp-content\/uploads\/2024\/04\/CB_AESAS-logo-300x148.png 300w, https:\/\/cyberbuddyproject.eu\/wp-content\/uploads\/2024\/04\/CB_AESAS-logo-100x49.png 100w\" sizes=\"(max-width: 370px) 100vw, 370px\" \/><\/div><\/a><\/div><\/div>      \n            <\/div>\n                        <div class=\"edubin-col-xs-12 edubin-col-sm-6 edubin-col-md-6 edubin-col-lg-2\" >\n\n                    <div class=\"edubin-single-teacher text-center \"><div class=\"teacher-image-wrap\"><a href=\"https:\/\/cyberbuddyproject.eu\/union-of-women-associations-of-heraklion-prefecture\" ><div class=\"teacher-image\"><img loading=\"lazy\" decoding=\"async\" width=\"472\" height=\"471\" src=\"https:\/\/cyberbuddyproject.eu\/wp-content\/uploads\/2024\/04\/CB_UWAH-logo-en.jpg\" class=\"attachment-full size-full wp-image-15426\" alt=\"\" srcset=\"https:\/\/cyberbuddyproject.eu\/wp-content\/uploads\/2024\/04\/CB_UWAH-logo-en.jpg 472w, https:\/\/cyberbuddyproject.eu\/wp-content\/uploads\/2024\/04\/CB_UWAH-logo-en-300x300.jpg 300w, https:\/\/cyberbuddyproject.eu\/wp-content\/uploads\/2024\/04\/CB_UWAH-logo-en-150x150.jpg 150w, https:\/\/cyberbuddyproject.eu\/wp-content\/uploads\/2024\/04\/CB_UWAH-logo-en-100x100.jpg 100w\" sizes=\"(max-width: 472px) 100vw, 472px\" \/><\/div><\/a><\/div><\/div>      \n            <\/div>\n                        <div class=\"edubin-col-xs-12 edubin-col-sm-6 edubin-col-md-6 edubin-col-lg-2\" >\n\n                    <div class=\"edubin-single-teacher text-center \"><div class=\"teacher-image-wrap\"><a href=\"https:\/\/cyberbuddyproject.eu\/the-rural-hub-clg\/\" ><div class=\"teacher-image\"><img loading=\"lazy\" decoding=\"async\" width=\"2480\" height=\"1063\" src=\"https:\/\/cyberbuddyproject.eu\/wp-content\/uploads\/2024\/04\/CB_Rural-Hub-Logo-6.jpg\" class=\"attachment-full size-full wp-image-15434\" alt=\"\" srcset=\"https:\/\/cyberbuddyproject.eu\/wp-content\/uploads\/2024\/04\/CB_Rural-Hub-Logo-6.jpg 2480w, https:\/\/cyberbuddyproject.eu\/wp-content\/uploads\/2024\/04\/CB_Rural-Hub-Logo-6-300x129.jpg 300w, https:\/\/cyberbuddyproject.eu\/wp-content\/uploads\/2024\/04\/CB_Rural-Hub-Logo-6-1024x439.jpg 1024w, https:\/\/cyberbuddyproject.eu\/wp-content\/uploads\/2024\/04\/CB_Rural-Hub-Logo-6-768x329.jpg 768w, https:\/\/cyberbuddyproject.eu\/wp-content\/uploads\/2024\/04\/CB_Rural-Hub-Logo-6-100x43.jpg 100w, https:\/\/cyberbuddyproject.eu\/wp-content\/uploads\/2024\/04\/CB_Rural-Hub-Logo-6-1536x658.jpg 1536w, https:\/\/cyberbuddyproject.eu\/wp-content\/uploads\/2024\/04\/CB_Rural-Hub-Logo-6-2048x878.jpg 2048w\" sizes=\"(max-width: 2480px) 100vw, 2480px\" \/><\/div><\/a><\/div><\/div>      \n            <\/div>\n        \n    <\/div>\n\n\t\t<\/div>\n\t\t\t\t<\/div>\n\t\t\t\t\t<\/div>\n\t\t<\/div>\n\t\t\t\t\t<\/div>\n\t\t<\/section>\n\t\t\t\t<\/div>\n\t\t","protected":false},"excerpt":{"rendered":"<p>&nbsp; Resultados do Projeto Os desafios digitais do CyberBuddy Os desafios digitais do CyberBuddy ir\u00e3o desafiar os alunos a lidar com situa\u00e7\u00f5es que envolvem ciberbullying, em escape rooms digitais, de forma a melhorar a sua literacia digital. Os escape rooms digitais s\u00e3o um conjunto de enigmas resolvidos virtualmente. Os jogadores realizam uma s\u00e9rie de quebra-cabe\u00e7as,&#8230;<\/p>\n","protected":false},"author":2,"featured_media":0,"parent":0,"menu_order":0,"comment_status":"closed","ping_status":"closed","template":"elementor_header_footer","meta":{"footnotes":""},"class_list":["post-18697","page","type-page","status-publish","hentry"],"_links":{"self":[{"href":"https:\/\/cyberbuddyproject.eu\/pt-pt\/wp-json\/wp\/v2\/pages\/18697","targetHints":{"allow":["GET"]}}],"collection":[{"href":"https:\/\/cyberbuddyproject.eu\/pt-pt\/wp-json\/wp\/v2\/pages"}],"about":[{"href":"https:\/\/cyberbuddyproject.eu\/pt-pt\/wp-json\/wp\/v2\/types\/page"}],"author":[{"embeddable":true,"href":"https:\/\/cyberbuddyproject.eu\/pt-pt\/wp-json\/wp\/v2\/users\/2"}],"replies":[{"embeddable":true,"href":"https:\/\/cyberbuddyproject.eu\/pt-pt\/wp-json\/wp\/v2\/comments?post=18697"}],"version-history":[{"count":1,"href":"https:\/\/cyberbuddyproject.eu\/pt-pt\/wp-json\/wp\/v2\/pages\/18697\/revisions"}],"predecessor-version":[{"id":20935,"href":"https:\/\/cyberbuddyproject.eu\/pt-pt\/wp-json\/wp\/v2\/pages\/18697\/revisions\/20935"}],"wp:attachment":[{"href":"https:\/\/cyberbuddyproject.eu\/pt-pt\/wp-json\/wp\/v2\/media?parent=18697"}],"curies":[{"name":"wp","href":"https:\/\/api.w.org\/{rel}","templated":true}]}}