{"id":18260,"date":"2024-05-16T10:30:26","date_gmt":"2024-05-16T08:30:26","guid":{"rendered":"https:\/\/cyberbuddyproject.eu\/innovamentis-ong\/"},"modified":"2024-11-21T16:16:28","modified_gmt":"2024-11-21T15:16:28","slug":"innovamentis-ong","status":"publish","type":"page","link":"https:\/\/cyberbuddyproject.eu\/it\/innovamentis-ong\/","title":{"rendered":"Innovamentis ONG"},"content":{"rendered":"\t\t<div data-elementor-type=\"wp-page\" data-elementor-id=\"18260\" class=\"elementor elementor-18260 elementor-15911\">\n\t\t\t\t<div class=\"elementor-element elementor-element-b2ba923 e-flex e-con-boxed e-con e-parent\" data-id=\"b2ba923\" data-element_type=\"container\" data-core-v316-plus=\"true\">\n\t\t\t\t\t<div class=\"e-con-inner\">\n\t\t<div class=\"elementor-element elementor-element-78317d0 e-grid e-con-boxed e-con e-child\" data-id=\"78317d0\" data-element_type=\"container\">\n\t\t\t\t\t<div class=\"e-con-inner\">\n\t\t\t\t<div class=\"elementor-element elementor-element-700f0bc elementor-align-center elementor-icon-list--layout-inline elementor-widget elementor-widget-edubin-icon-text\" data-id=\"700f0bc\" data-element_type=\"widget\" data-widget_type=\"edubin-icon-text.default\">\n\t\t\t\t<div class=\"elementor-widget-container\">\n\t\t\t<ul class=\"tpc-header-list-info elementor-icon-list-items elementor-inline-items\"><li class=\"elementor-icon-list-item\" ><a href=\"mailto:info@innovamentis.it\"><span class=\"tpc-header-list-icon elementor-icon-list-icon\"><svg aria-hidden=\"true\" class=\"e-font-icon-svg e-fas-at\" viewBox=\"0 0 512 512\" xmlns=\"http:\/\/www.w3.org\/2000\/svg\"><path d=\"M256 8C118.941 8 8 118.919 8 256c0 137.059 110.919 248 248 248 48.154 0 95.342-14.14 135.408-40.223 12.005-7.815 14.625-24.288 5.552-35.372l-10.177-12.433c-7.671-9.371-21.179-11.667-31.373-5.129C325.92 429.757 291.314 440 256 440c-101.458 0-184-82.542-184-184S154.542 72 256 72c100.139 0 184 57.619 184 160 0 38.786-21.093 79.742-58.17 83.693-17.349-.454-16.91-12.857-13.476-30.024l23.433-121.11C394.653 149.75 383.308 136 368.225 136h-44.981a13.518 13.518 0 0 0-13.432 11.993l-.01.092c-14.697-17.901-40.448-21.775-59.971-21.775-74.58 0-137.831 62.234-137.831 151.46 0 65.303 36.785 105.87 96 105.87 26.984 0 57.369-15.637 74.991-38.333 9.522 34.104 40.613 34.103 70.71 34.103C462.609 379.41 504 307.798 504 232 504 95.653 394.023 8 256 8zm-21.68 304.43c-22.249 0-36.07-15.623-36.07-40.771 0-44.993 30.779-72.729 58.63-72.729 22.292 0 35.601 15.241 35.601 40.77 0 45.061-33.875 72.73-58.161 72.73z\"><\/path><\/svg><\/span><span class=\"tpc-header-list-text elementor-icon-list-text\">info@innovamentis.it<\/span><\/a><\/li><\/ul>\t\t<\/div>\n\t\t\t\t<\/div>\n\t\t\t\t<div class=\"elementor-element elementor-element-da12273 elementor-align-center elementor-icon-list--layout-inline elementor-widget elementor-widget-edubin-icon-text\" data-id=\"da12273\" data-element_type=\"widget\" data-widget_type=\"edubin-icon-text.default\">\n\t\t\t\t<div class=\"elementor-widget-container\">\n\t\t\t<ul class=\"tpc-header-list-info elementor-icon-list-items elementor-inline-items\"><li class=\"elementor-icon-list-item\" ><a href=\"http:\/\/www.innovamentis.it\"><span class=\"tpc-header-list-icon elementor-icon-list-icon\"><svg aria-hidden=\"true\" class=\"e-font-icon-svg e-fas-globe\" viewBox=\"0 0 496 512\" xmlns=\"http:\/\/www.w3.org\/2000\/svg\"><path d=\"M336.5 160C322 70.7 287.8 8 248 8s-74 62.7-88.5 152h177zM152 256c0 22.2 1.2 43.5 3.3 64h185.3c2.1-20.5 3.3-41.8 3.3-64s-1.2-43.5-3.3-64H155.3c-2.1 20.5-3.3 41.8-3.3 64zm324.7-96c-28.6-67.9-86.5-120.4-158-141.6 24.4 33.8 41.2 84.7 50 141.6h108zM177.2 18.4C105.8 39.6 47.8 92.1 19.3 160h108c8.7-56.9 25.5-107.8 49.9-141.6zM487.4 192H372.7c2.1 21 3.3 42.5 3.3 64s-1.2 43-3.3 64h114.6c5.5-20.5 8.6-41.8 8.6-64s-3.1-43.5-8.5-64zM120 256c0-21.5 1.2-43 3.3-64H8.6C3.2 212.5 0 233.8 0 256s3.2 43.5 8.6 64h114.6c-2-21-3.2-42.5-3.2-64zm39.5 96c14.5 89.3 48.7 152 88.5 152s74-62.7 88.5-152h-177zm159.3 141.6c71.4-21.2 129.4-73.7 158-141.6h-108c-8.8 56.9-25.6 107.8-50 141.6zM19.3 352c28.6 67.9 86.5 120.4 158 141.6-24.4-33.8-41.2-84.7-50-141.6h-108z\"><\/path><\/svg><\/span><span class=\"tpc-header-list-text elementor-icon-list-text\">www.innovamentis.it<\/span><\/a><\/li><\/ul>\t\t<\/div>\n\t\t\t\t<\/div>\n\t\t\t\t<div class=\"elementor-element elementor-element-8edecaa elementor-align-center elementor-icon-list--layout-inline elementor-widget elementor-widget-edubin-icon-text\" data-id=\"8edecaa\" data-element_type=\"widget\" data-widget_type=\"edubin-icon-text.default\">\n\t\t\t\t<div class=\"elementor-widget-container\">\n\t\t\t<ul class=\"tpc-header-list-info elementor-icon-list-items elementor-inline-items\"><li class=\"elementor-icon-list-item\" ><a href=\"https:\/\/www.facebook.com\/innova.mentis\/\"><span class=\"tpc-header-list-icon elementor-icon-list-icon\"><svg aria-hidden=\"true\" class=\"e-font-icon-svg e-fab-facebook\" viewBox=\"0 0 512 512\" xmlns=\"http:\/\/www.w3.org\/2000\/svg\"><path d=\"M504 256C504 119 393 8 256 8S8 119 8 256c0 123.78 90.69 226.38 209.25 245V327.69h-63V256h63v-54.64c0-62.15 37-96.48 93.67-96.48 27.14 0 55.52 4.84 55.52 4.84v61h-31.28c-30.8 0-40.41 19.12-40.41 38.73V256h68.78l-11 71.69h-57.78V501C413.31 482.38 504 379.78 504 256z\"><\/path><\/svg><\/span><span class=\"tpc-header-list-text elementor-icon-list-text\">Innovamentis NGO<\/span><\/a><\/li><\/ul>\t\t<\/div>\n\t\t\t\t<\/div>\n\t\t\t\t<div class=\"elementor-element elementor-element-b67112a elementor-align-center elementor-icon-list--layout-inline elementor-widget elementor-widget-edubin-icon-text\" data-id=\"b67112a\" data-element_type=\"widget\" data-widget_type=\"edubin-icon-text.default\">\n\t\t\t\t<div class=\"elementor-widget-container\">\n\t\t\t<ul class=\"tpc-header-list-info elementor-icon-list-items elementor-inline-items\"><li class=\"elementor-icon-list-item\" ><a href=\"https:\/\/twitter.com\/InnovamentisEU\"><span class=\"tpc-header-list-icon elementor-icon-list-icon\"><svg aria-hidden=\"true\" class=\"e-font-icon-svg e-fab-twitter\" viewBox=\"0 0 512 512\" xmlns=\"http:\/\/www.w3.org\/2000\/svg\"><path d=\"M459.37 151.716c.325 4.548.325 9.097.325 13.645 0 138.72-105.583 298.558-298.558 298.558-59.452 0-114.68-17.219-161.137-47.106 8.447.974 16.568 1.299 25.34 1.299 49.055 0 94.213-16.568 130.274-44.832-46.132-.975-84.792-31.188-98.112-72.772 6.498.974 12.995 1.624 19.818 1.624 9.421 0 18.843-1.3 27.614-3.573-48.081-9.747-84.143-51.98-84.143-102.985v-1.299c13.969 7.797 30.214 12.67 47.431 13.319-28.264-18.843-46.781-51.005-46.781-87.391 0-19.492 5.197-37.36 14.294-52.954 51.655 63.675 129.3 105.258 216.365 109.807-1.624-7.797-2.599-15.918-2.599-24.04 0-57.828 46.782-104.934 104.934-104.934 30.213 0 57.502 12.67 76.67 33.137 23.715-4.548 46.456-13.32 66.599-25.34-7.798 24.366-24.366 44.833-46.132 57.827 21.117-2.273 41.584-8.122 60.426-16.243-14.292 20.791-32.161 39.308-52.628 54.253z\"><\/path><\/svg><\/span><span class=\"tpc-header-list-text elementor-icon-list-text\">Innovamentis NGO<\/span><\/a><\/li><\/ul>\t\t<\/div>\n\t\t\t\t<\/div>\n\t\t\t\t\t<\/div>\n\t\t\t\t<\/div>\n\t\t\t\t<div class=\"elementor-element elementor-element-6e5fdb6 elementor-widget elementor-widget-text-editor\" data-id=\"6e5fdb6\" data-element_type=\"widget\" data-widget_type=\"text-editor.default\">\n\t\t\t\t<div class=\"elementor-widget-container\">\n\t\t\t<style>\/*! elementor - v3.20.0 - 10-04-2024 *\/\n.elementor-widget-text-editor.elementor-drop-cap-view-stacked .elementor-drop-cap{background-color:#69727d;color:#fff}.elementor-widget-text-editor.elementor-drop-cap-view-framed .elementor-drop-cap{color:#69727d;border:3px solid;background-color:transparent}.elementor-widget-text-editor:not(.elementor-drop-cap-view-default) .elementor-drop-cap{margin-top:8px}.elementor-widget-text-editor:not(.elementor-drop-cap-view-default) .elementor-drop-cap-letter{width:1em;height:1em}.elementor-widget-text-editor .elementor-drop-cap{float:left;text-align:center;line-height:1;font-size:50px}.elementor-widget-text-editor .elementor-drop-cap-letter{display:inline-block}<\/style>\t\t\t\t<p><strong>INNOVAMENTIS ONG<\/strong> \u00e8 un&#8217;<strong>organizzazione educativa e formativa con sede a Reggio Calabria (Italia<\/strong>), che si occupa di<strong> trasferimento di conoscenze e innovazione nel campo dell&#8217;apprendimento permanente e della formazione continua<\/strong>, del mercato del lavoro e dell&#8217;imprenditorialit\u00e0, dei <strong>metodi e delle tecnologie per l&#8217;insegnamento e la formazione.<br \/><\/strong>Svolge le sue attivit\u00e0 anche per la tutela del <strong>patrimonio culturale e linguistico<\/strong>, nonch\u00e9 per la salvaguardia delle minoranze linguistiche, culturali ed etniche.<\/p>\n<p>Innovamentis ha lavorato all&#8217;implementazione di progetti Erasmus+ per l&#8217;istruzione e la mobilit\u00e0 di giovani e adulti europei. Promuove una cultura della <strong>cittadinanza attiva<\/strong> nel contesto europeo e la tutela dei diritti civili e morali dei cittadini.<\/p>\n<p>INNOVAMENTIS ha come obiettivo principale quello di promuovere, incoraggiare e organizzare lo sviluppo di tutte quelle attivit\u00e0 culturali svolte nell&#8217;ambito dell&#8217;<strong>istruzione e della formazione professionale<\/strong>, rivolgendo la propria attenzione sia ai giovani in attesa di trovare il loro primo impiego, sia agli adulti disoccupati qualificati e laureati, sia alle persone che si trovano in una situazione di particolare svantaggio.<\/p>\n<p>Promuove attivit\u00e0 volte all&#8217;inclusione sociale di <strong>persone<\/strong> svantaggiate e <strong>anziane, cittadini attivi e all&#8217;inclusione dei giovani in una dimensione sociale e lavorativa<\/strong>. Realizza corsi di formazione gratuiti per adulti, finalizzati a diffondere l&#8217;<strong>alfabetizzazione digitale.<\/strong><\/p>\n<p>L&#8217;organizzazione si avvale di un <strong>team<\/strong> multidisciplinare <strong>di volontari e personale<\/strong> che d\u00e0 un forte contributo nei vari campi di attivit\u00e0, quali: educazione formale e non formale, sviluppo sostenibile, responsabilit\u00e0 sociale e innovazione tecnologica.<\/p>\n<p>L&#8217;organizzazione lavora in stretta collaborazione con gli enti pubblici locali, le scuole locali, gli agenti locali e le associazioni giovanili. Negli ultimi anni, <strong>Innovamentis \u00e8 stata coinvolta anche in diversi progetti per l&#8217;educazione degli adulti.<\/strong><\/p>\n\t\t\t\t\t\t<\/div>\n\t\t\t\t<\/div>\n\t\t\t\t\t<\/div>\n\t\t\t\t<\/div>\n\t\t\t\t<\/div>\n\t\t","protected":false},"excerpt":{"rendered":"<p>info@innovamentis.it www.innovamentis.it Innovamentis NGO Innovamentis NGO INNOVAMENTIS ONG \u00e8 un&#8217;organizzazione educativa e formativa con sede a Reggio Calabria (Italia), che si occupa di trasferimento di conoscenze e innovazione nel campo dell&#8217;apprendimento permanente e della formazione continua, del mercato del lavoro e dell&#8217;imprenditorialit\u00e0, dei metodi e delle tecnologie per l&#8217;insegnamento e la formazione.Svolge le sue attivit\u00e0&#8230;<\/p>\n","protected":false},"author":2,"featured_media":15442,"parent":0,"menu_order":0,"comment_status":"closed","ping_status":"closed","template":"","meta":{"footnotes":""},"class_list":["post-18260","page","type-page","status-publish","has-post-thumbnail","hentry"],"_links":{"self":[{"href":"https:\/\/cyberbuddyproject.eu\/it\/wp-json\/wp\/v2\/pages\/18260","targetHints":{"allow":["GET"]}}],"collection":[{"href":"https:\/\/cyberbuddyproject.eu\/it\/wp-json\/wp\/v2\/pages"}],"about":[{"href":"https:\/\/cyberbuddyproject.eu\/it\/wp-json\/wp\/v2\/types\/page"}],"author":[{"embeddable":true,"href":"https:\/\/cyberbuddyproject.eu\/it\/wp-json\/wp\/v2\/users\/2"}],"replies":[{"embeddable":true,"href":"https:\/\/cyberbuddyproject.eu\/it\/wp-json\/wp\/v2\/comments?post=18260"}],"version-history":[{"count":3,"href":"https:\/\/cyberbuddyproject.eu\/it\/wp-json\/wp\/v2\/pages\/18260\/revisions"}],"predecessor-version":[{"id":18266,"href":"https:\/\/cyberbuddyproject.eu\/it\/wp-json\/wp\/v2\/pages\/18260\/revisions\/18266"}],"wp:featuredmedia":[{"embeddable":true,"href":"https:\/\/cyberbuddyproject.eu\/it\/wp-json\/wp\/v2\/media\/15442"}],"wp:attachment":[{"href":"https:\/\/cyberbuddyproject.eu\/it\/wp-json\/wp\/v2\/media?parent=18260"}],"curies":[{"name":"wp","href":"https:\/\/api.w.org\/{rel}","templated":true}]}}